{"id":674,"date":"2017-04-07T22:23:37","date_gmt":"2017-04-07T22:23:37","guid":{"rendered":"http:\/\/homolog.saopaulo.sp.leg.br\/planodiretor\/?page_id=674"},"modified":"2017-04-07T22:23:37","modified_gmt":"2017-04-07T22:23:37","slug":"mapas","status":"publish","type":"page","link":"https:\/\/homolog.saopaulo.sp.leg.br\/planodiretor\/index.php\/mapas\/","title":{"rendered":"Mapas"},"content":{"rendered":"<table border=\"0\" cellspacing=\"0\" cellpadding=\"0\">\n<tbody>\n<tr>\n<td align=\"center\" valign=\"middle\" width=\"50\" height=\"40\"><img decoding=\"async\" src=\"http:\/\/homolog.saopaulo.sp.leg.br\/wp-content\/uploads\/img\/novo\/images\/stories\/pdf_maps_pde.jpg\" alt=\"\" border=\"0\" \/><\/td>\n<td width=\"416\" height=\"40\"><a href=\"http:\/\/homolog.saopaulo.sp.leg.br\/wp-content\/uploads\/dce\/Mapas_PDE\/mapas\/Mapa01_Macrozonas.pdf\" target=\"_blank\">Mapa 01 &#8211; Macrozonas<\/a><\/td>\n<td width=\"234\" height=\"40\">18.5 MB<\/td>\n<\/tr>\n<tr align=\"center\" valign=\"middle\">\n<td colspan=\"3\"><\/td>\n<\/tr>\n<tr>\n<td align=\"center\" valign=\"middle\" height=\"40\"><img decoding=\"async\" src=\"http:\/\/homolog.saopaulo.sp.leg.br\/wp-content\/uploads\/img\/novo\/images\/stories\/pdf_maps_pde.jpg\" alt=\"\" border=\"0\" \/><\/td>\n<td height=\"40\"><a href=\"http:\/\/homolog.saopaulo.sp.leg.br\/wp-content\/uploads\/dce\/Mapas_PDE\/mapas\/Mapa01A_ZonaUrbanaRural.pdf\" target=\"_blank\">Mapa 01A &#8211; Zonas Urbana Rural<\/a><\/td>\n<td height=\"40\">18.3 MB<\/td>\n<\/tr>\n<tr align=\"center\" valign=\"middle\">\n<td colspan=\"3\"><\/td>\n<\/tr>\n<tr>\n<td align=\"center\" valign=\"middle\" height=\"40\"><img decoding=\"async\" src=\"http:\/\/homolog.saopaulo.sp.leg.br\/wp-content\/uploads\/img\/novo\/images\/stories\/pdf_maps_pde.jpg\" alt=\"\" border=\"0\" \/><\/td>\n<td height=\"40\"><a href=\"http:\/\/homolog.saopaulo.sp.leg.br\/wp-content\/uploads\/dce\/Mapas_PDE\/mapas\/Mapa02_Macroareas.pdf\" target=\"_blank\">Mapa 02 &#8211; Macro\u00e1reas<\/a><\/td>\n<td height=\"40\">18.7 MB<\/td>\n<\/tr>\n<tr align=\"center\" valign=\"middle\">\n<td colspan=\"3\"><\/td>\n<\/tr>\n<tr>\n<td align=\"center\" valign=\"middle\" height=\"40\"><img decoding=\"async\" src=\"http:\/\/homolog.saopaulo.sp.leg.br\/wp-content\/uploads\/img\/novo\/images\/stories\/pdf_maps_pde.jpg\" alt=\"\" border=\"0\" \/><\/td>\n<td height=\"40\"><a href=\"http:\/\/homolog.saopaulo.sp.leg.br\/wp-content\/uploads\/dce\/Mapas_PDE\/mapas\/Mapa02A_SetoresMacroareas.pdf\" target=\"_blank\">Mapa 02A &#8211; Setores Macro\u00e1reas<\/a><\/td>\n<td height=\"40\">18.4 MB<\/td>\n<\/tr>\n<tr align=\"center\" valign=\"middle\">\n<td colspan=\"3\"><\/td>\n<\/tr>\n<tr>\n<td align=\"center\" valign=\"middle\" height=\"40\"><img decoding=\"async\" src=\"http:\/\/homolog.saopaulo.sp.leg.br\/wp-content\/uploads\/img\/novo\/images\/stories\/pdf_maps_pde.jpg\" alt=\"\" border=\"0\" \/><\/td>\n<td height=\"40\"><a href=\"http:\/\/homolog.saopaulo.sp.leg.br\/wp-content\/uploads\/dce\/Mapas_PDE\/mapas\/Mapa03_EixosTransformacao.pdf\" target=\"_blank\">Mapa 03 &#8211; Eixos Transforma\u00e7\u00e3o<\/a><\/td>\n<td height=\"40\">20.5 MB<\/td>\n<\/tr>\n<tr align=\"center\" valign=\"middle\">\n<td colspan=\"3\"><\/td>\n<\/tr>\n<tr>\n<td align=\"center\" valign=\"middle\" height=\"40\"><img decoding=\"async\" src=\"http:\/\/homolog.saopaulo.sp.leg.br\/wp-content\/uploads\/img\/novo\/images\/stories\/pdf_maps_pde.jpg\" alt=\"\" border=\"0\" \/><\/td>\n<td height=\"40\"><a href=\"http:\/\/homolog.saopaulo.sp.leg.br\/wp-content\/uploads\/dce\/Mapas_PDE\/mapas\/Mapa03A_EixosTransformacao_PREVISTOS.pdf\" target=\"_blank\">Mapa 03A &#8211; Eixos Transforma\u00e7\u00e3o previstos<\/a><\/td>\n<td height=\"40\">23.3 MB<\/td>\n<\/tr>\n<tr align=\"center\" valign=\"middle\">\n<td colspan=\"3\"><\/td>\n<\/tr>\n<tr>\n<td align=\"center\" valign=\"middle\" height=\"40\"><img decoding=\"async\" src=\"http:\/\/homolog.saopaulo.sp.leg.br\/wp-content\/uploads\/img\/novo\/images\/stories\/pdf_maps_pde.jpg\" alt=\"\" border=\"0\" \/><\/td>\n<td height=\"40\"><a href=\"http:\/\/homolog.saopaulo.sp.leg.br\/wp-content\/uploads\/dce\/Mapas_PDE\/mapas\/Mapa04_ZEIS.pdf\" target=\"_blank\">Mapa 04 &#8211; ZEIS<\/a><\/td>\n<td height=\"40\">18.8 MB<\/td>\n<\/tr>\n<tr align=\"center\" valign=\"middle\">\n<td colspan=\"3\"><\/td>\n<\/tr>\n<tr>\n<td align=\"center\" valign=\"middle\" height=\"40\"><img decoding=\"async\" src=\"http:\/\/homolog.saopaulo.sp.leg.br\/wp-content\/uploads\/img\/novo\/images\/stories\/pdf_maps_pde.jpg\" alt=\"\" border=\"0\" \/><\/td>\n<td height=\"40\"><a href=\"http:\/\/homolog.saopaulo.sp.leg.br\/wp-content\/uploads\/dce\/Mapas_PDE\/mapas\/Mapa05_AreasVerdes.pdf\" target=\"_blank\">Mapa 05 &#8211; \u00c1reas Verdes<\/a><\/td>\n<td height=\"40\">29.4 MB<\/td>\n<\/tr>\n<tr align=\"center\" valign=\"middle\">\n<td colspan=\"3\"><\/td>\n<\/tr>\n<tr>\n<td align=\"center\" valign=\"middle\" height=\"40\"><img decoding=\"async\" src=\"http:\/\/homolog.saopaulo.sp.leg.br\/wp-content\/uploads\/img\/novo\/images\/stories\/pdf_maps_pde.jpg\" alt=\"\" border=\"0\" \/><\/td>\n<td height=\"40\"><a href=\"http:\/\/homolog.saopaulo.sp.leg.br\/wp-content\/uploads\/dce\/Mapas_PDE\/mapas\/Mapa06_Abastecimento.pdf\" target=\"_blank\">Mapa 06 &#8211; Abastecimento<\/a><\/td>\n<td height=\"40\">18.6 MB<\/td>\n<\/tr>\n<tr align=\"center\" valign=\"middle\">\n<td colspan=\"3\"><\/td>\n<\/tr>\n<tr>\n<td align=\"center\" valign=\"middle\" height=\"40\"><img decoding=\"async\" src=\"http:\/\/homolog.saopaulo.sp.leg.br\/wp-content\/uploads\/img\/novo\/images\/stories\/pdf_maps_pde.jpg\" alt=\"\" border=\"0\" \/><\/td>\n<td height=\"40\"><a href=\"http:\/\/homolog.saopaulo.sp.leg.br\/wp-content\/uploads\/dce\/Mapas_PDE\/mapas\/Mapa07_Esgotamento.pdf\" target=\"_blank\">Mapa 07 &#8211; Esgotamento<\/a><\/td>\n<td height=\"40\">29.6 MB<\/td>\n<\/tr>\n<tr align=\"center\" valign=\"middle\">\n<td colspan=\"3\"><\/td>\n<\/tr>\n<tr>\n<td align=\"center\" valign=\"middle\" height=\"40\"><img decoding=\"async\" src=\"http:\/\/homolog.saopaulo.sp.leg.br\/wp-content\/uploads\/img\/novo\/images\/stories\/pdf_maps_pde.jpg\" alt=\"\" border=\"0\" \/><\/td>\n<td height=\"40\"><a href=\"http:\/\/homolog.saopaulo.sp.leg.br\/wp-content\/uploads\/dce\/Mapas_PDE\/mapas\/Mapa08_ResiduosSolidos.pdf\" target=\"_blank\">Mapa 08 &#8211; Res\u00edduos S\u00f3lidos<\/a><\/td>\n<td height=\"40\">17.8 MB<\/td>\n<\/tr>\n<tr align=\"center\" valign=\"middle\">\n<td colspan=\"3\"><\/td>\n<\/tr>\n<tr>\n<td align=\"center\" valign=\"middle\" height=\"40\"><img decoding=\"async\" src=\"http:\/\/homolog.saopaulo.sp.leg.br\/wp-content\/uploads\/img\/novo\/images\/stories\/pdf_maps_pde.jpg\" alt=\"\" border=\"0\" \/><\/td>\n<td height=\"40\"><a href=\"http:\/\/homolog.saopaulo.sp.leg.br\/wp-content\/uploads\/dce\/Mapas_PDE\/mapas\/Mapa09_MelhoramentosViarios.pdf\" target=\"_blank\">Mapa 09 &#8211; Melhoramentos Vi\u00e1rios<\/a><\/td>\n<td height=\"40\">17.8 MB<\/td>\n<\/tr>\n<tr align=\"center\" valign=\"middle\">\n<td colspan=\"3\"><\/td>\n<\/tr>\n<tr>\n<td align=\"center\" valign=\"middle\" height=\"40\"><img decoding=\"async\" src=\"http:\/\/homolog.saopaulo.sp.leg.br\/wp-content\/uploads\/img\/novo\/images\/stories\/pdf_maps_pde.jpg\" alt=\"\" border=\"0\" \/><\/td>\n<td height=\"40\"><a href=\"http:\/\/homolog.saopaulo.sp.leg.br\/wp-content\/uploads\/dce\/Mapas_PDE\/mapas\/Mapa10_SistemaViario.pdf\" target=\"_blank\">Mapa 10 &#8211; Sistema Vi\u00e1rio<\/a><\/td>\n<td height=\"40\">17.8 MB<\/td>\n<\/tr>\n<tr align=\"center\" valign=\"middle\">\n<td colspan=\"3\"><\/td>\n<\/tr>\n<tr>\n<td align=\"center\" valign=\"middle\" height=\"40\"><img decoding=\"async\" src=\"http:\/\/homolog.saopaulo.sp.leg.br\/wp-content\/uploads\/img\/novo\/images\/stories\/pdf_maps_pde.jpg\" alt=\"\" border=\"0\" \/><\/td>\n<td height=\"40\"><a href=\"http:\/\/homolog.saopaulo.sp.leg.br\/wp-content\/uploads\/dce\/Mapas_PDE\/mapas\/Mapa11_Equipamentos.pdf\" target=\"_blank\">Mapa 11 &#8211; Equipamentos<\/a><\/td>\n<td height=\"40\">23.1 MB<\/td>\n<\/tr>\n<tr align=\"center\" valign=\"middle\">\n<td colspan=\"3\"><\/td>\n<\/tr>\n<tr>\n<td align=\"center\" valign=\"middle\" height=\"40\"><img decoding=\"async\" src=\"http:\/\/homolog.saopaulo.sp.leg.br\/wp-content\/uploads\/img\/novo\/images\/stories\/pdf_maps_pde.jpg\" alt=\"\" border=\"0\" \/><\/td>\n<td height=\"40\"><a href=\"http:\/\/homolog.saopaulo.sp.leg.br\/wp-content\/uploads\/dce\/Mapas_PDE\/mapas\/Mapa12_AreasdeRisco.pdf\" target=\"_blank\">Mapa 12 &#8211; \u00c1reas de Risco<\/a><\/td>\n<td height=\"40\">23.4 MB<\/td>\n<\/tr>\n<tr align=\"center\" valign=\"middle\">\n<td colspan=\"3\"><\/td>\n<\/tr>\n<tr>\n<td align=\"center\" valign=\"middle\" height=\"40\"><img decoding=\"async\" src=\"http:\/\/homolog.saopaulo.sp.leg.br\/wp-content\/uploads\/img\/novo\/images\/stories\/pdf_maps_pde.jpg\" alt=\"\" border=\"0\" \/><\/td>\n<td height=\"40\"><a href=\"http:\/\/homolog.saopaulo.sp.leg.br\/wp-content\/uploads\/dce\/Mapas_PDE\/mapas\/Mapa13_PerimetrosIncentivo.pdf\" target=\"_blank\">Mapa 13 &#8211; Per\u00edmetros de Incentivo<\/a><\/td>\n<td height=\"40\">18.1 MB<\/td>\n<\/tr>\n<\/tbody>\n<\/table>\n","protected":false},"excerpt":{"rendered":"<p>Mapa 01 &#8211; Macrozonas 18.5 MB Mapa 01A &#8211; Zonas Urbana Rural 18.3 MB Mapa 02 &#8211; Macro\u00e1reas 18.7 MB Mapa 02A &#8211; Setores Macro\u00e1reas 18.4 MB Mapa 03 &#8211; Eixos Transforma\u00e7\u00e3o 20.5 MB Mapa 03A &#8211; Eixos Transforma\u00e7\u00e3o previstos 23.3 MB Mapa 04 &#8211; ZEIS 18.8 MB Mapa 05 &#8211; \u00c1reas Verdes 29.4 MB&#8230;  <a class=\"excerpt-read-more\" href=\"https:\/\/homolog.saopaulo.sp.leg.br\/planodiretor\/index.php\/mapas\/\" title=\"ReadMapas\">Ler mais &raquo;<\/a><\/p>\n","protected":false},"author":19,"featured_media":0,"parent":0,"menu_order":0,"comment_status":"closed","ping_status":"closed","template":"","meta":{"footnotes":""},"class_list":["post-674","page","type-page","status-publish","hentry"],"_links":{"self":[{"href":"https:\/\/homolog.saopaulo.sp.leg.br\/planodiretor\/index.php\/wp-json\/wp\/v2\/pages\/674","targetHints":{"allow":["GET"]}}],"collection":[{"href":"https:\/\/homolog.saopaulo.sp.leg.br\/planodiretor\/index.php\/wp-json\/wp\/v2\/pages"}],"about":[{"href":"https:\/\/homolog.saopaulo.sp.leg.br\/planodiretor\/index.php\/wp-json\/wp\/v2\/types\/page"}],"author":[{"embeddable":true,"href":"https:\/\/homolog.saopaulo.sp.leg.br\/planodiretor\/index.php\/wp-json\/wp\/v2\/users\/19"}],"replies":[{"embeddable":true,"href":"https:\/\/homolog.saopaulo.sp.leg.br\/planodiretor\/index.php\/wp-json\/wp\/v2\/comments?post=674"}],"version-history":[{"count":1,"href":"https:\/\/homolog.saopaulo.sp.leg.br\/planodiretor\/index.php\/wp-json\/wp\/v2\/pages\/674\/revisions"}],"predecessor-version":[{"id":675,"href":"https:\/\/homolog.saopaulo.sp.leg.br\/planodiretor\/index.php\/wp-json\/wp\/v2\/pages\/674\/revisions\/675"}],"wp:attachment":[{"href":"https:\/\/homolog.saopaulo.sp.leg.br\/planodiretor\/index.php\/wp-json\/wp\/v2\/media?parent=674"}],"curies":[{"name":"wp","href":"https:\/\/api.w.org\/{rel}","templated":true}]}}