{"id":2196,"date":"2025-01-20T20:28:31","date_gmt":"2025-01-20T23:28:31","guid":{"rendered":"https:\/\/homolog.saopaulo.sp.leg.br\/redecamara\/?page_id=2196"},"modified":"2025-05-05T14:14:49","modified_gmt":"2025-05-05T17:14:49","slug":"expediente","status":"publish","type":"page","link":"https:\/\/homolog.saopaulo.sp.leg.br\/redecamara\/quem-somos\/expediente\/","title":{"rendered":"Expediente"},"content":{"rendered":"\t\t<div data-elementor-type=\"wp-page\" data-elementor-id=\"2196\" class=\"elementor elementor-2196\">\n\t\t\t\t\t\t<section class=\"elementor-section elementor-top-section elementor-element elementor-element-3f017760 elementor-section-height-min-height elementor-section-items-bottom elementor-section-boxed elementor-section-height-default\" data-id=\"3f017760\" data-element_type=\"section\" data-e-type=\"section\" data-settings=\"{&quot;background_background&quot;:&quot;classic&quot;}\">\n\t\t\t\t\t\t\t<div class=\"elementor-background-overlay\"><\/div>\n\t\t\t\t\t\t\t<div class=\"elementor-container elementor-column-gap-no\">\n\t\t\t\t\t<div class=\"elementor-column elementor-col-100 elementor-top-column elementor-element elementor-element-5bdaf9d6\" data-id=\"5bdaf9d6\" data-element_type=\"column\" data-e-type=\"column\">\n\t\t\t<div class=\"elementor-widget-wrap elementor-element-populated\">\n\t\t\t\t\t\t<section class=\"elementor-section elementor-inner-section elementor-element elementor-element-6296cd4e elementor-section-full_width elementor-section-content-bottom elementor-section-height-default elementor-section-height-default\" data-id=\"6296cd4e\" data-element_type=\"section\" data-e-type=\"section\">\n\t\t\t\t\t\t<div class=\"elementor-container elementor-column-gap-no\">\n\t\t\t\t\t<div class=\"elementor-column elementor-col-100 elementor-inner-column elementor-element elementor-element-230da952\" data-id=\"230da952\" data-element_type=\"column\" data-e-type=\"column\">\n\t\t\t<div class=\"elementor-widget-wrap elementor-element-populated\">\n\t\t\t\t\t\t<div class=\"elementor-element elementor-element-48c76417 elementor-widget elementor-widget-heading\" data-id=\"48c76417\" data-element_type=\"widget\" data-e-type=\"widget\" data-widget_type=\"heading.default\">\n\t\t\t\t<div class=\"elementor-widget-container\">\n\t\t\t\t\t<h1 class=\"elementor-heading-title elementor-size-default\">Expediente<\/h1>\t\t\t\t<\/div>\n\t\t\t\t<\/div>\n\t\t\t\t<div class=\"elementor-element elementor-element-61578afb elementor-hidden-mobile elementor-widget elementor-widget-spacer\" data-id=\"61578afb\" data-element_type=\"widget\" data-e-type=\"widget\" data-widget_type=\"spacer.default\">\n\t\t\t\t<div class=\"elementor-widget-container\">\n\t\t\t\t\t\t\t<div class=\"elementor-spacer\">\n\t\t\t<div class=\"elementor-spacer-inner\"><\/div>\n\t\t<\/div>\n\t\t\t\t\t\t<\/div>\n\t\t\t\t<\/div>\n\t\t\t\t\t<\/div>\n\t\t<\/div>\n\t\t\t\t\t<\/div>\n\t\t<\/section>\n\t\t\t\t\t<\/div>\n\t\t<\/div>\n\t\t\t\t\t<\/div>\n\t\t<\/section>\n\t\t\t\t<section class=\"elementor-section elementor-top-section elementor-element elementor-element-21a6ec6 elementor-section-boxed elementor-section-height-default elementor-section-height-default\" data-id=\"21a6ec6\" data-element_type=\"section\" data-e-type=\"section\" data-settings=\"{&quot;background_background&quot;:&quot;classic&quot;}\">\n\t\t\t\t\t\t<div class=\"elementor-container elementor-column-gap-default\">\n\t\t\t\t\t<div class=\"elementor-column elementor-col-100 elementor-top-column elementor-element elementor-element-1672db8\" data-id=\"1672db8\" data-element_type=\"column\" data-e-type=\"column\">\n\t\t\t<div class=\"elementor-widget-wrap elementor-element-populated\">\n\t\t\t\t\t\t<div class=\"elementor-element elementor-element-967c982 elementor-widget elementor-widget-spacer\" data-id=\"967c982\" data-element_type=\"widget\" data-e-type=\"widget\" data-widget_type=\"spacer.default\">\n\t\t\t\t<div class=\"elementor-widget-container\">\n\t\t\t\t\t\t\t<div class=\"elementor-spacer\">\n\t\t\t<div class=\"elementor-spacer-inner\"><\/div>\n\t\t<\/div>\n\t\t\t\t\t\t<\/div>\n\t\t\t\t<\/div>\n\t\t\t\t<div class=\"elementor-element elementor-element-163d5b1 elementor-widget elementor-widget-heading\" data-id=\"163d5b1\" data-element_type=\"widget\" data-e-type=\"widget\" data-widget_type=\"heading.default\">\n\t\t\t\t<div class=\"elementor-widget-container\">\n\t\t\t\t\t<h3 class=\"elementor-heading-title elementor-size-default\">Rede C\u00e2mara S\u00e3o Paulo \u2013 Portal e Web R\u00e1dio<\/h3>\t\t\t\t<\/div>\n\t\t\t\t<\/div>\n\t\t\t\t<div class=\"elementor-element elementor-element-bca0d02 elementor-widget-divider--view-line elementor-widget elementor-widget-divider\" data-id=\"bca0d02\" data-element_type=\"widget\" data-e-type=\"widget\" data-widget_type=\"divider.default\">\n\t\t\t\t<div class=\"elementor-widget-container\">\n\t\t\t\t\t\t\t<div class=\"elementor-divider\">\n\t\t\t<span class=\"elementor-divider-separator\">\n\t\t\t\t\t\t<\/span>\n\t\t<\/div>\n\t\t\t\t\t\t<\/div>\n\t\t\t\t<\/div>\n\t\t\t\t<div class=\"elementor-element elementor-element-e2d07c2 elementor-widget elementor-widget-text-editor\" data-id=\"e2d07c2\" data-element_type=\"widget\" data-e-type=\"widget\" data-widget_type=\"text-editor.default\">\n\t\t\t\t<div class=\"elementor-widget-container\">\n\t\t\t\t\t\t\t\t\t<p>A Rede C\u00e2mara S\u00e3o Paulo \u00e9 a rede de comunica\u00e7\u00e3o oficial da C\u00e2mara Municipal de S\u00e3o Paulo.<\/p><p>Toda a reprodu\u00e7\u00e3o do conte\u00fado editorial, para fins jornal\u00edsticos, \u00e9 autorizada mediante cita\u00e7\u00e3o da Rede C\u00e2mara S\u00e3o Paulo.<\/p><p>A produ\u00e7\u00e3o de conte\u00fado \u00e9 realizada pela equipe da Funda\u00e7\u00e3o Padre Anchieta.<\/p>\t\t\t\t\t\t\t\t<\/div>\n\t\t\t\t<\/div>\n\t\t\t\t<div class=\"elementor-element elementor-element-89a7bc7 elementor-widget-divider--view-line elementor-widget elementor-widget-divider\" data-id=\"89a7bc7\" data-element_type=\"widget\" data-e-type=\"widget\" data-widget_type=\"divider.default\">\n\t\t\t\t<div class=\"elementor-widget-container\">\n\t\t\t\t\t\t\t<div class=\"elementor-divider\">\n\t\t\t<span class=\"elementor-divider-separator\">\n\t\t\t\t\t\t<\/span>\n\t\t<\/div>\n\t\t\t\t\t\t<\/div>\n\t\t\t\t<\/div>\n\t\t\t\t<div class=\"elementor-element elementor-element-9ecd9a3 elementor-widget elementor-widget-text-editor\" data-id=\"9ecd9a3\" data-element_type=\"widget\" data-e-type=\"widget\" data-widget_type=\"text-editor.default\">\n\t\t\t\t<div class=\"elementor-widget-container\">\n\t\t\t\t\t\t\t\t\t<p><strong>DIRETORA EXECUTIVA<\/strong><br \/>LARA BRESCHIGLIARI<\/p><p><strong>COORDENA\u00c7\u00c3O DE M\u00cdDIAS DIGITAIS<\/strong><br \/>EDUARDO ODA<\/p><p><strong>COORDENA\u00c7\u00c3O GERAL<\/strong><br \/>FLAVIO MUNHOZ<\/p><p><strong>EDITOR CHEFE<\/strong><br \/>CAC\u00c1 AMADEI<\/p><p><strong>COORDENA\u00c7\u00c3O DE CONTE\u00daDO<\/strong><br \/>FERNANDA LUCENA<br \/>GABRIEL COUTO<\/p><p><strong>SUPERVIS\u00c3O DE OPERA\u00c7\u00d5ES<\/strong><br \/>RENATA KAPITANOVAS<br \/>RODRIGO DE FREITAS<\/p><p><strong>APRESENTA\u00c7\u00c3O<\/strong><br \/>CAROL C\u00c2MARA<br \/>CARLOS MAGLIO<br \/>ROBERTO RIOS<br \/>SUELLEN GON\u00c7ALVES<\/p><p><strong>JORNALISMO<\/strong><br \/>ANDREA GODOY<br \/>CAROL FLORES<br \/>DANIEL MONTEIRO<br \/>ELYS MARINA<br \/>FELIPE MANDELLI PALMA<br \/>HELOISE HAMADA<br \/>KAMILA MARINHO<br \/>MARCO CALEJO<br \/>MURILO RINCON<\/p><p><strong>PRODU\u00c7\u00c3O JORNAL\u00cdSTICA<\/strong><br \/>IARA SILVA<br \/>LIGIA TADDEO<br \/>MARINA MARZOLA<br \/>MARIZA FRANCIONO<\/p><p><strong>CINEGRAFISTA<\/strong><br \/>ADEMAR DE BARROS<br \/>ALVARO ANIBAL\u00a0<br \/>IRENILTON SENA<br \/>JOHNNY DOS SANTOS<br \/>RICARDO STRACKE<br \/>VALTER GARCIA JR.<\/p><p><strong>AUXILIAR DE CINEGRAFISTA<\/strong><br \/>FABIANO ARA\u00daJO<br \/>JO\u00c3O GARCIA<br \/>JULIO CESAR BARBOSA<br \/>MARCO CARDELLA<br \/>RAFAEL KAWANO<br \/>S\u00c9RGIO ALVES<\/p><p><strong>ROB\u00d3TICA<\/strong><br \/>HIGOR CUNHA OLIVEIRA<br \/>LUIS CARLOS GROTTI<br \/>RAFAEL MATIAS<br \/>RICARDO CASSIMIRO<br \/>RODRIGO FRAN\u00c7A<br \/>THIAGO F. C. FERREIRA<br \/>THIAGO PENTEADO<br \/>VALDIR ANJOS<\/p><p><strong>OPERA\u00c7\u00c3O DE \u00c1UDIO<\/strong><br \/>JO\u00c3O DO AMARAL<br \/>OGARTH SANTOS<\/p><p><strong>OPERA\u00c7\u00c3O DE V\u00cdDEO<\/strong><br \/>JANDERSON MORENO<\/p><p><strong>GERA\u00c7\u00c3O DE CARACTERES\/TELEPROMPTER<\/strong><br \/>CARLOS ROBERTO BARRETO J\u00daNIOR<\/p><p><strong>OPERA\u00c7\u00c3O DE INGEST<\/strong><br \/>D\u00c9BORA MARTINS DELL&#8217;OSSO<\/p><p><strong>ILUMINA\u00c7\u00c3O<\/strong><br \/>LAURINDO VILETE<\/p><p><strong>CONTROLE MASTER<\/strong><br \/>ALEXANDRE BASTOS<br \/>ALEXANDRE DAMCALOV<br \/>EMERSON GUIMAR\u00c3ES<br \/>MARCO ANTONIO PAULINO<\/p><p><strong>EDI\u00c7\u00c3O DE IMAGENS<\/strong><br \/>KAIO CARVALHO<br \/>MAXX BRAZIL<br \/>PRISCILA AZEVEDO DE SOUZA<br \/>REYNALDO ESPINDOLA JR.<br \/>T\u00c9LVIO NATAL<\/p><p><strong>FOTOGRAFIA E CAPTA\u00c7\u00c3O DE IMAGENS<\/strong><br \/>RICHARD LOUREN\u00c7O<br \/>LUCAS BASSI<br \/>DOUGLAS FERREIRA<\/p><p><strong>REDATOR<\/strong><br \/>JORGE RUFINO<\/p><p><strong>REDES SOCIAIS<\/strong><br \/>BEATRIZ DAMASCENO<br \/>KELLY LOPES<br \/>KLAUSYUKA HIRAKAWA<br \/>NATHALY PELLINI<\/p><p><strong>WEBDESIGNER<\/strong><br \/>RICARDO FELDMANN FARIAS<br \/>THA\u00cdS ZIGUNOVAS<\/p><p><strong>DIRE\u00c7\u00c3O DE IMAGEM<\/strong><br \/>CAIO ANTUNES SILVA<\/p><p><strong>ALMOXARIFADO<\/strong><br \/>CARLOS RODRIGUES<\/p><p><strong>ASSIST\u00caNCIA OPERACIONAL<\/strong><br \/>AMANDA DE CARLO<br \/>ARTUR DANTAS<br \/>ERICK BRAGA<br \/>GABRIEL DANIELE<br \/>LUCAS RODRIGUES<br \/>RODRIGO ESTEVES<br \/>VICTOR NUNES<br \/>YANCA ALMEIDA<\/p><p><strong>MANUTEN\u00c7\u00c3O T\u00c9CNICA<\/strong><br \/>DAVID SANTOS<br \/>LUCAS ROCHA DE AQUINO<\/p><p><strong>CATALOGA\u00c7\u00c3O<\/strong><br \/>KEITY BARROS<br \/>SANDRA PERALTA<\/p><p><strong>FIGURINISTA \/ MAQUIADORA<\/strong><br \/>JULIANA DANTAS<\/p><p><strong>ESTAGI\u00c1RIOS<\/strong><br \/>ANA J\u00daLIA CARDOSO<br \/>DUDA MARCENA\u00a0<br \/>EMILLY ANACLETO MACHADO<br \/>GABRIELLY SPOSITO<br \/>GIULIANNA ZANIN<br \/>FERNANDO MARTINHO VAZ DOS SANTOS\u00a0<br \/>ISABELLA SOLHA<br \/>LARISSA RODRIGUES<br \/>MATHEUS GOMES KOJOROSKI<br \/>PEDRO KERTICHKA<br \/>PIERRE AUGUSTO BEZERRA DA SILVA<br \/>RICARDO VILELA\u00a0<br \/>SOFIA CAVERSAN<br \/>VICTOR CARRER<\/p><p><strong>COORDENA\u00c7\u00c3O DE ADMINISTRA\u00c7\u00c3O DE PESSOAL<\/strong><br \/>MARIA F\u00c1TIMA GOMES<\/p><p><strong>DIRE\u00c7\u00c3O DE ARTE<\/strong><br \/>FL\u00c1VIA MARCATO<\/p>\t\t\t\t\t\t\t\t<\/div>\n\t\t\t\t<\/div>\n\t\t\t\t<div class=\"elementor-element elementor-element-00a64ef elementor-widget elementor-widget-image\" data-id=\"00a64ef\" data-element_type=\"widget\" data-e-type=\"widget\" data-widget_type=\"image.default\">\n\t\t\t\t<div class=\"elementor-widget-container\">\n\t\t\t\t\t\t\t\t\t\t\t\t\t\t\t<img fetchpriority=\"high\" decoding=\"async\" width=\"1920\" height=\"400\" src=\"https:\/\/homolog.saopaulo.sp.leg.br\/redecamara\/wp-content\/uploads\/sites\/51\/2024\/12\/bg-nossa-historia.png\" class=\"attachment-full size-full wp-image-1674\" alt=\"\" srcset=\"https:\/\/homolog.saopaulo.sp.leg.br\/redecamara\/wp-content\/uploads\/sites\/51\/2024\/12\/bg-nossa-historia.png 1920w, https:\/\/homolog.saopaulo.sp.leg.br\/redecamara\/wp-content\/uploads\/sites\/51\/2024\/12\/bg-nossa-historia-300x63.png 300w, https:\/\/homolog.saopaulo.sp.leg.br\/redecamara\/wp-content\/uploads\/sites\/51\/2024\/12\/bg-nossa-historia-1024x213.png 1024w, https:\/\/homolog.saopaulo.sp.leg.br\/redecamara\/wp-content\/uploads\/sites\/51\/2024\/12\/bg-nossa-historia-768x160.png 768w, https:\/\/homolog.saopaulo.sp.leg.br\/redecamara\/wp-content\/uploads\/sites\/51\/2024\/12\/bg-nossa-historia-1536x320.png 1536w\" sizes=\"(max-width: 1920px) 100vw, 1920px\" \/>\t\t\t\t\t\t\t\t\t\t\t\t\t\t\t<\/div>\n\t\t\t\t<\/div>\n\t\t\t\t\t<\/div>\n\t\t<\/div>\n\t\t\t\t\t<\/div>\n\t\t<\/section>\n\t\t\t\t<section class=\"elementor-section elementor-top-section elementor-element elementor-element-54dd744 elementor-section-full_width elementor-section-height-default elementor-section-height-default\" data-id=\"54dd744\" data-element_type=\"section\" data-e-type=\"section\" data-settings=\"{&quot;background_background&quot;:&quot;classic&quot;}\">\n\t\t\t\t\t\t<div class=\"elementor-container elementor-column-gap-default\">\n\t\t\t\t\t<div class=\"elementor-column elementor-col-100 elementor-top-column elementor-element elementor-element-71c0ce8\" data-id=\"71c0ce8\" data-element_type=\"column\" data-e-type=\"column\">\n\t\t\t<div class=\"elementor-widget-wrap elementor-element-populated\">\n\t\t\t\t\t\t<div class=\"elementor-element elementor-element-3bb6cc6 elementor-widget-divider--view-line elementor-widget elementor-widget-divider\" data-id=\"3bb6cc6\" data-element_type=\"widget\" data-e-type=\"widget\" data-widget_type=\"divider.default\">\n\t\t\t\t<div class=\"elementor-widget-container\">\n\t\t\t\t\t\t\t<div class=\"elementor-divider\">\n\t\t\t<span class=\"elementor-divider-separator\">\n\t\t\t\t\t\t<\/span>\n\t\t<\/div>\n\t\t\t\t\t\t<\/div>\n\t\t\t\t<\/div>\n\t\t\t\t<div class=\"elementor-element elementor-element-a1983a6 elementor-widget elementor-widget-shortcode\" data-id=\"a1983a6\" data-element_type=\"widget\" data-e-type=\"widget\" data-widget_type=\"shortcode.default\">\n\t\t\t\t<div class=\"elementor-widget-container\">\n\t\t\t\t\t\t\t<div class=\"elementor-shortcode\">    <style>\r\n        \/* CSS for the floating container *\/\r\n        .floating-container {\r\n            position: fixed;\r\n            top: 50%;\r\n            \/* right: 10px; *\/\r\n            transform: translateY(-50%);\r\n            display: flex;\r\n            flex-direction: column;\r\n            gap: 10px;\r\n            z-index: 1000;\r\n            background-color:#1d1d1d;\r\n            padding: 5px;\r\n            border-radius: 10px;\r\n        }\r\n\r\n        \/* Image styles *\/\r\n        .floating-container img {\r\n            width: 40px;\r\n            height: 40px;\r\n            display: block;\r\n            transition: opacity 0.3s ease;\r\n        }\r\n\r\n        \/* Hover effect for images *\/\r\n        .floating-container img:hover {\r\n            opacity: 0.7;\r\n        }\r\n\r\n        \/* Responsive adjustments *\/\r\n        @media (max-width: 768px) {\r\n            .floating-container {\r\n                \/* right: 5px; *\/ \r\n                gap: 10px;\r\n            }\r\n\r\n            .floating-container img {\r\n                width: 30px;\r\n                height: 30px;\r\n            }\r\n        }\r\n\r\n        @media (max-width: 480px) {\r\n            .floating-container {\r\n                \/* right: 2px; *\/\r\n                gap: 8px;\r\n            }\r\n\r\n            .floating-container img {\r\n                width: 30px;\r\n                height: 30px;\r\n            }\r\n        }\r\n    <\/style>\r\n\r\n    <!-- HTML for the floating container -->\r\n    <div class=\"floating-container\">\r\n        <a href=\"https:\/\/homolog.saopaulo.sp.leg.br\/\"><img decoding=\"async\" src=\"https:\/\/homolog.saopaulo.sp.leg.br\/redecamara\/wp-content\/uploads\/sites\/51\/2025\/01\/site-camara.png\" alt=\"Site C\u00e2mara de S\u00e3o Paulo\"><\/a>\r\n        <a href=\"https:\/\/www.instagram.com\/camarasaopaulo\"><img decoding=\"async\" src=\"https:\/\/homolog.saopaulo.sp.leg.br\/redecamara\/wp-content\/uploads\/sites\/51\/2025\/01\/instagram.png\" alt=\"Instagram\"><\/a>\r\n        <a href=\"https:\/\/www.facebook.com\/camarasaopaulo\"><img decoding=\"async\" src=\"https:\/\/homolog.saopaulo.sp.leg.br\/redecamara\/wp-content\/uploads\/sites\/51\/2025\/01\/facebook.png\" alt=\"Facebook\"><\/a>\r\n        <a href=\"https:\/\/x.com\/camarasaopaulo\/\"><img decoding=\"async\" src=\"https:\/\/homolog.saopaulo.sp.leg.br\/redecamara\/wp-content\/uploads\/sites\/51\/2025\/01\/x.png\" alt=\"X\"><\/a>\r\n        <a href=\"https:\/\/www.youtube.com\/@camarasaopaulo\"><img decoding=\"async\" src=\"https:\/\/homolog.saopaulo.sp.leg.br\/redecamara\/wp-content\/uploads\/sites\/51\/2025\/01\/youtube.png\" alt=\"C\u00e2mara Municipal de S\u00e3o Paulo\"><\/a>\r\n        <a href=\"https:\/\/www.flickr.com\/photos\/131078419@N07\/\"><img decoding=\"async\" src=\"https:\/\/homolog.saopaulo.sp.leg.br\/redecamara\/wp-content\/uploads\/sites\/51\/2025\/01\/flicker.png\" alt=\"Flickr\"><\/a>\r\n        <a href=\"https:\/\/soundcloud.com\/webradiocamarasaopaulo\"><img decoding=\"async\" src=\"https:\/\/homolog.saopaulo.sp.leg.br\/redecamara\/wp-content\/uploads\/sites\/51\/2025\/01\/soundcloud.png\" alt=\"Podcast Soundcloud\"><\/a>\r\n        <a href=\"https:\/\/www.linkedin.com\/company\/camarasaopaulooficial\/\"><img decoding=\"async\" src=\"https:\/\/homolog.saopaulo.sp.leg.br\/redecamara\/wp-content\/uploads\/sites\/51\/2025\/01\/linkedin.png\" alt=\"Linkedin\"><\/a>\r\n        <a href=\"https:\/\/homolog.saopaulo.sp.leg.br\/redecamara\/\"><img decoding=\"async\" src=\"https:\/\/homolog.saopaulo.sp.leg.br\/redecamara\/wp-content\/uploads\/sites\/51\/2025\/01\/tv-digital.png\" alt=\"TV Digital 8.3 Ao Vivo\"><\/a>\r\n        <a href=\"https:\/\/homolog.saopaulo.sp.leg.br\/comunicacao\/camaraemacao\/\"><img decoding=\"async\" src=\"https:\/\/homolog.saopaulo.sp.leg.br\/redecamara\/wp-content\/uploads\/sites\/51\/2025\/01\/newsletter.png\" alt=\"Boletim Semanal\"><\/a>\r\n    <\/div>\r\n    <\/div>\n\t\t\t\t\t\t<\/div>\n\t\t\t\t<\/div>\n\t\t\t\t\t<\/div>\n\t\t<\/div>\n\t\t\t\t\t<\/div>\n\t\t<\/section>\n\t\t\t\t<\/div>\n\t\t","protected":false},"excerpt":{"rendered":"<p>Expediente Rede C\u00e2mara S\u00e3o Paulo \u2013 Portal e Web R\u00e1dio A Rede C\u00e2mara S\u00e3o Paulo \u00e9 a rede de comunica\u00e7\u00e3o oficial da C\u00e2mara Municipal de S\u00e3o Paulo. Toda a reprodu\u00e7\u00e3o do conte\u00fado editorial, para fins jornal\u00edsticos, \u00e9 autorizada mediante cita\u00e7\u00e3o da Rede C\u00e2mara S\u00e3o Paulo. A produ\u00e7\u00e3o de conte\u00fado \u00e9 realizada pela equipe da Funda\u00e7\u00e3o&#8230;  <a class=\"excerpt-read-more\" href=\"https:\/\/homolog.saopaulo.sp.leg.br\/redecamara\/quem-somos\/expediente\/\" title=\"Leia Expediente\">Leia Mais &raquo;<\/a><\/p>\n","protected":false},"author":916,"featured_media":0,"parent":1563,"menu_order":0,"comment_status":"closed","ping_status":"closed","template":"elementor_header_footer","meta":{"_acf_changed":false,"_mc_calendar":[],"footnotes":""},"class_list":["post-2196","page","type-page","status-publish","hentry"],"acf":[],"_links":{"self":[{"href":"https:\/\/homolog.saopaulo.sp.leg.br\/redecamara\/wp-json\/wp\/v2\/pages\/2196","targetHints":{"allow":["GET"]}}],"collection":[{"href":"https:\/\/homolog.saopaulo.sp.leg.br\/redecamara\/wp-json\/wp\/v2\/pages"}],"about":[{"href":"https:\/\/homolog.saopaulo.sp.leg.br\/redecamara\/wp-json\/wp\/v2\/types\/page"}],"author":[{"embeddable":true,"href":"https:\/\/homolog.saopaulo.sp.leg.br\/redecamara\/wp-json\/wp\/v2\/users\/916"}],"replies":[{"embeddable":true,"href":"https:\/\/homolog.saopaulo.sp.leg.br\/redecamara\/wp-json\/wp\/v2\/comments?post=2196"}],"version-history":[{"count":6,"href":"https:\/\/homolog.saopaulo.sp.leg.br\/redecamara\/wp-json\/wp\/v2\/pages\/2196\/revisions"}],"predecessor-version":[{"id":3721,"href":"https:\/\/homolog.saopaulo.sp.leg.br\/redecamara\/wp-json\/wp\/v2\/pages\/2196\/revisions\/3721"}],"up":[{"embeddable":true,"href":"https:\/\/homolog.saopaulo.sp.leg.br\/redecamara\/wp-json\/wp\/v2\/pages\/1563"}],"wp:attachment":[{"href":"https:\/\/homolog.saopaulo.sp.leg.br\/redecamara\/wp-json\/wp\/v2\/media?parent=2196"}],"curies":[{"name":"wp","href":"https:\/\/api.w.org\/{rel}","templated":true}]}}