{"id":262,"date":"2019-10-17T18:37:06","date_gmt":"2019-10-17T21:37:06","guid":{"rendered":"http:\/\/homolog.saopaulo.sp.leg.br\/regularizacaoimobiliaria\/?page_id=262"},"modified":"2019-11-25T18:54:57","modified_gmt":"2019-11-25T21:54:57","slug":"regularizacao-declaratoria","status":"publish","type":"page","link":"https:\/\/homolog.saopaulo.sp.leg.br\/regularizacaoimobiliaria\/regularizacao-declaratoria\/","title":{"rendered":"Regulariza\u00e7\u00e3o Declarat\u00f3ria"},"content":{"rendered":"<p class=\"x_MsoNormal\">A regulariza\u00e7\u00e3o por meio do procedimento declarat\u00f3rio ser\u00e1 aplicada a im\u00f3veis residenciais unifamiliares para edifica\u00e7\u00f5es com no m\u00e1ximo 1.500 m\u00b2 de \u00e1rea constru\u00edda. O interessado dever\u00e1 preencher e protocolar, no site da prefeitura, o formul\u00e1rio de regulariza\u00e7\u00e3o, anexando c\u00f3pia digital dos documentos exigidos devidamente assinados por respons\u00e1vel t\u00e9cnico.<\/p>\n<p class=\"x_MsoNormal\">Est\u00e3o inclu\u00eddos nesta categoria:<\/p>\n<p class=\"x_MsoNormal\">&#8211; Resid\u00eancias multifamiliares horizontais e verticais (de at\u00e9 10 metros de altura e no m\u00e1ximo 20 unidades);<\/p>\n<p class=\"x_MsoNormal\">&#8211; Edifica\u00e7\u00f5es destinadas \u00e0 HIS (Habita\u00e7\u00e3o de Interesse Social) e HMP (Habita\u00e7\u00e3o de Mercado Popular) da Administra\u00e7\u00e3o P\u00fablica Direta e Indireta;<\/p>\n<p class=\"x_MsoNormal\">&#8211; Edifica\u00e7\u00f5es de uso misto para com\u00e9rcio, escrit\u00f3rios e pousadas, e locais de culto.<\/p>\n<p class=\"x_MsoNormal\">Entenda os requisitos, exig\u00eancias e impedimentos para a regulariza\u00e7\u00e3o declarat\u00f3ria:<\/p>\n<img loading=\"lazy\" decoding=\"async\" class=\"aligncenter wp-image-264 size-full\" src=\"https:\/\/homolog.saopaulo.sp.leg.br\/regularizacaoimobiliaria\/wp-content\/uploads\/sites\/32\/2019\/10\/declaratoria.jpg\" alt=\"\" width=\"704\" height=\"1494\" srcset=\"https:\/\/homolog.saopaulo.sp.leg.br\/regularizacaoimobiliaria\/wp-content\/uploads\/sites\/32\/2019\/10\/declaratoria.jpg 704w, https:\/\/homolog.saopaulo.sp.leg.br\/regularizacaoimobiliaria\/wp-content\/uploads\/sites\/32\/2019\/10\/declaratoria-141x300.jpg 141w, https:\/\/homolog.saopaulo.sp.leg.br\/regularizacaoimobiliaria\/wp-content\/uploads\/sites\/32\/2019\/10\/declaratoria-483x1024.jpg 483w\" sizes=\"auto, (max-width: 704px) 100vw, 704px\" \/>\n","protected":false},"excerpt":{"rendered":"<p>A regulariza\u00e7\u00e3o por meio do procedimento declarat\u00f3rio ser\u00e1 aplicada a im\u00f3veis residenciais unifamiliares para edifica\u00e7\u00f5es com no m\u00e1ximo 1.500 m\u00b2 de \u00e1rea constru\u00edda. O interessado dever\u00e1 preencher e protocolar, no site da prefeitura, o formul\u00e1rio de regulariza\u00e7\u00e3o, anexando c\u00f3pia digital dos documentos exigidos devidamente assinados por respons\u00e1vel t\u00e9cnico. Est\u00e3o inclu\u00eddos nesta categoria: &#8211; Resid\u00eancias multifamiliares&#8230;  <a class=\"excerpt-read-more\" href=\"https:\/\/homolog.saopaulo.sp.leg.br\/regularizacaoimobiliaria\/regularizacao-declaratoria\/\" title=\"Read Regulariza\u00e7\u00e3o Declarat\u00f3ria\">Ler mais &raquo;<\/a><\/p>\n","protected":false},"author":544,"featured_media":0,"parent":0,"menu_order":0,"comment_status":"closed","ping_status":"closed","template":"","meta":{"_acf_changed":false,"footnotes":""},"class_list":["post-262","page","type-page","status-publish","hentry"],"acf":[],"_links":{"self":[{"href":"https:\/\/homolog.saopaulo.sp.leg.br\/regularizacaoimobiliaria\/wp-json\/wp\/v2\/pages\/262","targetHints":{"allow":["GET"]}}],"collection":[{"href":"https:\/\/homolog.saopaulo.sp.leg.br\/regularizacaoimobiliaria\/wp-json\/wp\/v2\/pages"}],"about":[{"href":"https:\/\/homolog.saopaulo.sp.leg.br\/regularizacaoimobiliaria\/wp-json\/wp\/v2\/types\/page"}],"author":[{"embeddable":true,"href":"https:\/\/homolog.saopaulo.sp.leg.br\/regularizacaoimobiliaria\/wp-json\/wp\/v2\/users\/544"}],"replies":[{"embeddable":true,"href":"https:\/\/homolog.saopaulo.sp.leg.br\/regularizacaoimobiliaria\/wp-json\/wp\/v2\/comments?post=262"}],"version-history":[{"count":4,"href":"https:\/\/homolog.saopaulo.sp.leg.br\/regularizacaoimobiliaria\/wp-json\/wp\/v2\/pages\/262\/revisions"}],"predecessor-version":[{"id":481,"href":"https:\/\/homolog.saopaulo.sp.leg.br\/regularizacaoimobiliaria\/wp-json\/wp\/v2\/pages\/262\/revisions\/481"}],"wp:attachment":[{"href":"https:\/\/homolog.saopaulo.sp.leg.br\/regularizacaoimobiliaria\/wp-json\/wp\/v2\/media?parent=262"}],"curies":[{"name":"wp","href":"https:\/\/api.w.org\/{rel}","templated":true}]}}