{"id":266,"date":"2019-10-17T18:37:38","date_gmt":"2019-10-17T21:37:38","guid":{"rendered":"http:\/\/homolog.saopaulo.sp.leg.br\/regularizacaoimobiliaria\/?page_id=266"},"modified":"2019-11-25T18:56:53","modified_gmt":"2019-11-25T21:56:53","slug":"regularizacao-comum","status":"publish","type":"page","link":"https:\/\/homolog.saopaulo.sp.leg.br\/regularizacaoimobiliaria\/regularizacao-comum\/","title":{"rendered":"Regulariza\u00e7\u00e3o Comum"},"content":{"rendered":"<p>O procedimento comum para regulariza\u00e7\u00e3o ser\u00e1 aplicada para as demais edifica\u00e7\u00f5es, com \u00e1rea constru\u00edda acima de 1.500 m\u00b2.<\/p>\n<p>A regulariza\u00e7\u00e3o depender\u00e1 da apresenta\u00e7\u00e3o de documenta\u00e7\u00e3o e tamb\u00e9m da an\u00e1lise da prefeitura. Neste caso, o projeto deve ser assinado por profissional habilitado.<\/p>\n<p>Entenda as categorias, exig\u00eancias e impedimentos para a regulariza\u00e7\u00e3o comum:<\/p>\n<img loading=\"lazy\" decoding=\"async\" class=\"aligncenter size-full wp-image-340\" src=\"https:\/\/homolog.saopaulo.sp.leg.br\/regularizacaoimobiliaria\/wp-content\/uploads\/sites\/32\/2019\/10\/comum.jpg\" alt=\"\" width=\"704\" height=\"540\" srcset=\"https:\/\/homolog.saopaulo.sp.leg.br\/regularizacaoimobiliaria\/wp-content\/uploads\/sites\/32\/2019\/10\/comum.jpg 704w, https:\/\/homolog.saopaulo.sp.leg.br\/regularizacaoimobiliaria\/wp-content\/uploads\/sites\/32\/2019\/10\/comum-300x230.jpg 300w\" sizes=\"auto, (max-width: 704px) 100vw, 704px\" \/>\n","protected":false},"excerpt":{"rendered":"<p>O procedimento comum para regulariza\u00e7\u00e3o ser\u00e1 aplicada para as demais edifica\u00e7\u00f5es, com \u00e1rea constru\u00edda acima de 1.500 m\u00b2. A regulariza\u00e7\u00e3o depender\u00e1 da apresenta\u00e7\u00e3o de documenta\u00e7\u00e3o e tamb\u00e9m da an\u00e1lise da prefeitura. Neste caso, o projeto deve ser assinado por profissional habilitado. Entenda as categorias, exig\u00eancias e impedimentos para a regulariza\u00e7\u00e3o comum:<\/p>\n","protected":false},"author":544,"featured_media":0,"parent":0,"menu_order":0,"comment_status":"closed","ping_status":"closed","template":"","meta":{"_acf_changed":false,"footnotes":""},"class_list":["post-266","page","type-page","status-publish","hentry"],"acf":[],"_links":{"self":[{"href":"https:\/\/homolog.saopaulo.sp.leg.br\/regularizacaoimobiliaria\/wp-json\/wp\/v2\/pages\/266","targetHints":{"allow":["GET"]}}],"collection":[{"href":"https:\/\/homolog.saopaulo.sp.leg.br\/regularizacaoimobiliaria\/wp-json\/wp\/v2\/pages"}],"about":[{"href":"https:\/\/homolog.saopaulo.sp.leg.br\/regularizacaoimobiliaria\/wp-json\/wp\/v2\/types\/page"}],"author":[{"embeddable":true,"href":"https:\/\/homolog.saopaulo.sp.leg.br\/regularizacaoimobiliaria\/wp-json\/wp\/v2\/users\/544"}],"replies":[{"embeddable":true,"href":"https:\/\/homolog.saopaulo.sp.leg.br\/regularizacaoimobiliaria\/wp-json\/wp\/v2\/comments?post=266"}],"version-history":[{"count":5,"href":"https:\/\/homolog.saopaulo.sp.leg.br\/regularizacaoimobiliaria\/wp-json\/wp\/v2\/pages\/266\/revisions"}],"predecessor-version":[{"id":483,"href":"https:\/\/homolog.saopaulo.sp.leg.br\/regularizacaoimobiliaria\/wp-json\/wp\/v2\/pages\/266\/revisions\/483"}],"wp:attachment":[{"href":"https:\/\/homolog.saopaulo.sp.leg.br\/regularizacaoimobiliaria\/wp-json\/wp\/v2\/media?parent=266"}],"curies":[{"name":"wp","href":"https:\/\/api.w.org\/{rel}","templated":true}]}}