{"id":63,"date":"2019-05-15T16:17:11","date_gmt":"2019-05-15T19:17:11","guid":{"rendered":"http:\/\/191.233.26.21\/orcamento2020\/?page_id=60"},"modified":"2019-11-25T18:51:13","modified_gmt":"2019-11-25T21:51:13","slug":"fale-conosco","status":"publish","type":"page","link":"https:\/\/homolog.saopaulo.sp.leg.br\/regularizacaoimobiliaria\/fale-conosco\/","title":{"rendered":"Fale conosco"},"content":{"rendered":"<h2>Quer receber mais not\u00edcias da C\u00e2mara Municipal de S\u00e3o Paulo? Quer receber um aviso quando a Lei entrar em vigor?\u00a0 Tem alguma d\u00favida que esse hotsite n\u00e3o esclareceu? N\u00e3o tem problema!<\/h2>\n<h3>Nos escreva que respondemos para voc\u00ea.<\/h3>\n<p>&nbsp;<\/p>\n\n<div class=\"wpcf7 no-js\" id=\"wpcf7-f418-o1\" lang=\"pt-BR\" dir=\"ltr\" data-wpcf7-id=\"418\">\n<div class=\"screen-reader-response\"><p role=\"status\" aria-live=\"polite\" aria-atomic=\"true\"><\/p> <ul><\/ul><\/div>\n<form action=\"\/regularizacaoimobiliaria\/wp-json\/wp\/v2\/pages\/63#wpcf7-f418-o1\" method=\"post\" class=\"wpcf7-form init\" aria-label=\"Formul\u00e1rios de contato\" novalidate=\"novalidate\" data-status=\"init\">\n<fieldset class=\"hidden-fields-container\"><input type=\"hidden\" name=\"_wpcf7\" value=\"418\" \/><input type=\"hidden\" name=\"_wpcf7_version\" value=\"6.1.5\" \/><input type=\"hidden\" name=\"_wpcf7_locale\" value=\"pt_BR\" \/><input type=\"hidden\" name=\"_wpcf7_unit_tag\" value=\"wpcf7-f418-o1\" \/><input type=\"hidden\" name=\"_wpcf7_container_post\" value=\"0\" \/><input type=\"hidden\" name=\"_wpcf7_posted_data_hash\" value=\"\" \/>\n<\/fieldset>\n<p><label>Seu nome (obrigat\u00f3rio)<br \/>\n<span class=\"wpcf7-form-control-wrap\" data-name=\"nome\"><input size=\"40\" maxlength=\"400\" class=\"wpcf7-form-control wpcf7-text wpcf7-validates-as-required\" aria-required=\"true\" aria-invalid=\"false\" value=\"\" type=\"text\" name=\"nome\" \/><\/span><br \/>\n<\/label>\n<\/p>\n<p><label>Seu e-mail (obrigat\u00f3rio)<br \/>\n<span class=\"wpcf7-form-control-wrap\" data-name=\"seu-email\"><input size=\"40\" maxlength=\"400\" class=\"wpcf7-form-control wpcf7-email wpcf7-validates-as-required wpcf7-text wpcf7-validates-as-email\" aria-required=\"true\" aria-invalid=\"false\" value=\"\" type=\"email\" name=\"seu-email\" \/><\/span><br \/>\n<\/label>\n<\/p>\n<p><label>Assunto<br \/>\n<span class=\"wpcf7-form-control-wrap\" data-name=\"assunto\"><input size=\"40\" maxlength=\"400\" class=\"wpcf7-form-control wpcf7-text\" aria-invalid=\"false\" value=\"\" type=\"text\" name=\"assunto\" \/><\/span><br \/>\n<\/label>\n<\/p>\n<p><label>Sua mensagem<br \/>\n<span class=\"wpcf7-form-control-wrap\" data-name=\"mensagem\"><textarea cols=\"40\" rows=\"10\" maxlength=\"2000\" class=\"wpcf7-form-control wpcf7-textarea\" aria-invalid=\"false\" name=\"mensagem\"><\/textarea><\/span><br \/>\n<\/label>\n<\/p>\n<p><input class=\"wpcf7-form-control wpcf7-submit has-spinner\" type=\"submit\" value=\"Enviar\" \/>\n<\/p><div class=\"wpcf7-response-output\" aria-hidden=\"true\"><\/div>\n<\/form>\n<\/div>\n\n","protected":false},"excerpt":{"rendered":"<p>Quer receber mais not\u00edcias da C\u00e2mara Municipal de S\u00e3o Paulo? Quer receber um aviso quando a Lei entrar em vigor?\u00a0 Tem alguma d\u00favida que esse hotsite n\u00e3o esclareceu? N\u00e3o tem problema! Nos escreva que respondemos para voc\u00ea. &nbsp;<\/p>\n","protected":false},"author":544,"featured_media":0,"parent":0,"menu_order":0,"comment_status":"closed","ping_status":"closed","template":"","meta":{"_acf_changed":false,"footnotes":""},"class_list":["post-63","page","type-page","status-publish","hentry"],"acf":[],"_links":{"self":[{"href":"https:\/\/homolog.saopaulo.sp.leg.br\/regularizacaoimobiliaria\/wp-json\/wp\/v2\/pages\/63","targetHints":{"allow":["GET"]}}],"collection":[{"href":"https:\/\/homolog.saopaulo.sp.leg.br\/regularizacaoimobiliaria\/wp-json\/wp\/v2\/pages"}],"about":[{"href":"https:\/\/homolog.saopaulo.sp.leg.br\/regularizacaoimobiliaria\/wp-json\/wp\/v2\/types\/page"}],"author":[{"embeddable":true,"href":"https:\/\/homolog.saopaulo.sp.leg.br\/regularizacaoimobiliaria\/wp-json\/wp\/v2\/users\/544"}],"replies":[{"embeddable":true,"href":"https:\/\/homolog.saopaulo.sp.leg.br\/regularizacaoimobiliaria\/wp-json\/wp\/v2\/comments?post=63"}],"version-history":[{"count":5,"href":"https:\/\/homolog.saopaulo.sp.leg.br\/regularizacaoimobiliaria\/wp-json\/wp\/v2\/pages\/63\/revisions"}],"predecessor-version":[{"id":2796,"href":"https:\/\/homolog.saopaulo.sp.leg.br\/regularizacaoimobiliaria\/wp-json\/wp\/v2\/pages\/63\/revisions\/2796"}],"wp:attachment":[{"href":"https:\/\/homolog.saopaulo.sp.leg.br\/regularizacaoimobiliaria\/wp-json\/wp\/v2\/media?parent=63"}],"curies":[{"name":"wp","href":"https:\/\/api.w.org\/{rel}","templated":true}]}}