{"id":14,"date":"2024-12-05T16:18:03","date_gmt":"2024-12-05T19:18:03","guid":{"rendered":"https:\/\/homolog.saopaulo.sp.leg.br\/retrospectiva2024\/?page_id=14"},"modified":"2024-12-16T22:53:15","modified_gmt":"2024-12-17T01:53:15","slug":"temas","status":"publish","type":"page","link":"https:\/\/homolog.saopaulo.sp.leg.br\/retrospectiva2024\/temas\/","title":{"rendered":"Temas"},"content":{"rendered":"<p>Nesta p\u00e1gina, voc\u00ea confere um breve resumo com alguns dos temas que a \u201c<strong>Retrospectiva 2021-2024 \u2013 4 anos que mudaram S\u00e3o Paulo<\/strong>\u201d apresenta:<\/p>\n<h2>Pandemia<\/h2>\n<p>O ano de 2021 foi o mais cr\u00edtico e impactado na <strong>C\u00e2mara Municipal de S\u00e3o Paulo<\/strong> por conta da pandemia de <strong>Covid-19<\/strong>. Neste ano, diversas a\u00e7\u00f5es sociais entraram na pauta do Legislativo paulistano para a discuss\u00e3o de projetos de combate ao v\u00edrus.<\/p>\n<h2>Urbanismo<\/h2>\n<p>A <strong>18\u00aa legislatura<\/strong> tamb\u00e9m foi marcada pela pauta urban\u00edstica, com as <strong>revis\u00f5es do PDE (Plano Diretor Estrat\u00e9gico) da Lei de Zoneamento<\/strong>, al\u00e9m das opera\u00e7\u00f5es e projetos de interven\u00e7\u00e3o urbana.<\/p>\n<h2>CPIs<\/h2>\n<p>Al\u00e9m de legislar, est\u00e1 entre as prerrogativas dos parlamentares o ato de investigar. Ao todo, foram<strong> 11 CPIs (Comiss\u00f5es Parlamentares de Inqu\u00e9rito)<\/strong>, com os mais variados enfoques.<\/p>\n<h2>Combate ao racismo<\/h2>\n<p>Pela primeira vez na hist\u00f3ria do Parlamento municipal, um vereador teve o mandato cassado por discrimina\u00e7\u00e3o racial. Em 2023, a C\u00e2mara de SP <strong>cassou o mandato do vereador Camilo Crist\u00f3faro (AVANTE)<\/strong> por quebra de decoro parlamentar, ap\u00f3s ele ter feito uma fala racista durante a Sess\u00e3o de uma CPI dos Aplicativos. Al\u00e9m deste caso, relembre as iniciativas da C\u00e2mara voltadas ao combate ao racismo.<\/p>\n<h2>Privatiza\u00e7\u00e3o da Sabesp<\/h2>\n<p>Ap\u00f3s os trabalhos da Comiss\u00e3o de Estudos e de in\u00fameros debates com a popula\u00e7\u00e3o, em 2024, os vereadores aprovaram o projeto que autoriza a capital a aderir \u00e0 privatiza\u00e7\u00e3o da <strong>Sabesp<\/strong>, companhia do Estado respons\u00e1vel pelos servi\u00e7os de \u00e1gua e esgoto na cidade.<\/p>\n<h2>Or\u00e7amento municipal<\/h2>\n<p>O or\u00e7amento da cidade \u00e9 debatido intensamente todos os anos aqui na <strong>C\u00e2mara Municipal de S\u00e3o Paulo<\/strong>. Na retrospectiva, voc\u00ea confere uma an\u00e1lise sobre a evolu\u00e7\u00e3o da pe\u00e7a or\u00e7ament\u00e1ria entre 2021 e 2024.<\/p>\n","protected":false},"excerpt":{"rendered":"<p>Nesta p\u00e1gina, voc\u00ea confere um breve resumo com alguns dos temas que a \u201cRetrospectiva 2021-2024 \u2013 4 anos que mudaram S\u00e3o Paulo\u201d apresenta: Pandemia O ano de 2021 foi o mais cr\u00edtico e impactado na C\u00e2mara Municipal de S\u00e3o Paulo por conta da pandemia de Covid-19. Neste ano, diversas a\u00e7\u00f5es sociais entraram na pauta do&#8230;  <a class=\"excerpt-read-more\" href=\"https:\/\/homolog.saopaulo.sp.leg.br\/retrospectiva2024\/temas\/\" title=\"Read Temas\">Ler mais &raquo;<\/a><\/p>\n","protected":false},"author":733,"featured_media":0,"parent":0,"menu_order":0,"comment_status":"closed","ping_status":"closed","template":"page-temas.php","meta":{"_acf_changed":false,"footnotes":""},"class_list":["post-14","page","type-page","status-publish","hentry"],"acf":[],"_links":{"self":[{"href":"https:\/\/homolog.saopaulo.sp.leg.br\/retrospectiva2024\/wp-json\/wp\/v2\/pages\/14","targetHints":{"allow":["GET"]}}],"collection":[{"href":"https:\/\/homolog.saopaulo.sp.leg.br\/retrospectiva2024\/wp-json\/wp\/v2\/pages"}],"about":[{"href":"https:\/\/homolog.saopaulo.sp.leg.br\/retrospectiva2024\/wp-json\/wp\/v2\/types\/page"}],"author":[{"embeddable":true,"href":"https:\/\/homolog.saopaulo.sp.leg.br\/retrospectiva2024\/wp-json\/wp\/v2\/users\/733"}],"replies":[{"embeddable":true,"href":"https:\/\/homolog.saopaulo.sp.leg.br\/retrospectiva2024\/wp-json\/wp\/v2\/comments?post=14"}],"version-history":[{"count":6,"href":"https:\/\/homolog.saopaulo.sp.leg.br\/retrospectiva2024\/wp-json\/wp\/v2\/pages\/14\/revisions"}],"predecessor-version":[{"id":274,"href":"https:\/\/homolog.saopaulo.sp.leg.br\/retrospectiva2024\/wp-json\/wp\/v2\/pages\/14\/revisions\/274"}],"wp:attachment":[{"href":"https:\/\/homolog.saopaulo.sp.leg.br\/retrospectiva2024\/wp-json\/wp\/v2\/media?parent=14"}],"curies":[{"name":"wp","href":"https:\/\/api.w.org\/{rel}","templated":true}]}}