{"id":7,"date":"2024-12-05T16:16:36","date_gmt":"2024-12-05T19:16:36","guid":{"rendered":"https:\/\/homolog.saopaulo.sp.leg.br\/retrospectiva2024\/?page_id=7"},"modified":"2024-12-19T20:22:53","modified_gmt":"2024-12-19T23:22:53","slug":"home","status":"publish","type":"page","link":"https:\/\/homolog.saopaulo.sp.leg.br\/retrospectiva2024\/","title":{"rendered":"Home"},"content":{"rendered":"<h2>Relembre os principais debates e vota\u00e7\u00f5es da 18\u00aa Legislatura da C\u00e2mara de SP<\/h2>\n<p>A <strong>18\u00aa legislatura da C\u00e2mara Municipal de S\u00e3o Paulo (2021-2024)<\/strong> foi marcante em diversos setores. E para relembrar estes momentos importantes, a <strong>Rede C\u00e2mara SP<\/strong> preparou uma retrospectiva com os fatos que marcaram os trabalhos do Legislativo paulistano nos \u00faltimos quatro anos.<\/p>\n<p>Al\u00e9m de decis\u00f5es importantes, a retrospectiva destaca os principais debates, vota\u00e7\u00f5es, CPIs e Projetos de Lei aprovados. Temas como <strong>pandemia, racismo, or\u00e7amento e privatiza\u00e7\u00e3o da Sabesp<\/strong> fazem parte deste programa especial. Confira a \u201c<strong>Retrospectiva 2021-2024 \u2013 4 anos que mudaram S\u00e3o Paulo<\/strong>\u201d, no canal 8.3 da TV aberta digital e tamb\u00e9m pelas redes sociais do Legislativo paulistano, como o canal C\u00e2mara S\u00e3o Paulo no YouTube.<\/p>\n<p><iframe loading=\"lazy\" title=\"RETROSPECTIVA 2021\/2024 - 4 anos que mudaram S\u00e3o Paulo\" width=\"680\" height=\"383\" src=\"https:\/\/www.youtube.com\/embed\/lDtaqYyLJko?feature=oembed\" frameborder=\"0\" allow=\"accelerometer; autoplay; clipboard-write; encrypted-media; gyroscope; picture-in-picture; web-share\" referrerpolicy=\"strict-origin-when-cross-origin\" allowfullscreen><\/iframe><\/p>\n","protected":false},"excerpt":{"rendered":"<p>Relembre os principais debates e vota\u00e7\u00f5es da 18\u00aa Legislatura da C\u00e2mara de SP A 18\u00aa legislatura da C\u00e2mara Municipal de S\u00e3o Paulo (2021-2024) foi marcante em diversos setores. E para relembrar estes momentos importantes, a Rede C\u00e2mara SP preparou uma retrospectiva com os fatos que marcaram os trabalhos do Legislativo paulistano nos \u00faltimos quatro anos&#8230;.  <a class=\"excerpt-read-more\" href=\"https:\/\/homolog.saopaulo.sp.leg.br\/retrospectiva2024\/\" title=\"Read Home\">Ler mais &raquo;<\/a><\/p>\n","protected":false},"author":733,"featured_media":0,"parent":0,"menu_order":0,"comment_status":"closed","ping_status":"closed","template":"page-home.php","meta":{"_acf_changed":false,"footnotes":""},"class_list":["post-7","page","type-page","status-publish","hentry"],"acf":[],"_links":{"self":[{"href":"https:\/\/homolog.saopaulo.sp.leg.br\/retrospectiva2024\/wp-json\/wp\/v2\/pages\/7","targetHints":{"allow":["GET"]}}],"collection":[{"href":"https:\/\/homolog.saopaulo.sp.leg.br\/retrospectiva2024\/wp-json\/wp\/v2\/pages"}],"about":[{"href":"https:\/\/homolog.saopaulo.sp.leg.br\/retrospectiva2024\/wp-json\/wp\/v2\/types\/page"}],"author":[{"embeddable":true,"href":"https:\/\/homolog.saopaulo.sp.leg.br\/retrospectiva2024\/wp-json\/wp\/v2\/users\/733"}],"replies":[{"embeddable":true,"href":"https:\/\/homolog.saopaulo.sp.leg.br\/retrospectiva2024\/wp-json\/wp\/v2\/comments?post=7"}],"version-history":[{"count":6,"href":"https:\/\/homolog.saopaulo.sp.leg.br\/retrospectiva2024\/wp-json\/wp\/v2\/pages\/7\/revisions"}],"predecessor-version":[{"id":313,"href":"https:\/\/homolog.saopaulo.sp.leg.br\/retrospectiva2024\/wp-json\/wp\/v2\/pages\/7\/revisions\/313"}],"wp:attachment":[{"href":"https:\/\/homolog.saopaulo.sp.leg.br\/retrospectiva2024\/wp-json\/wp\/v2\/media?parent=7"}],"curies":[{"name":"wp","href":"https:\/\/api.w.org\/{rel}","templated":true}]}}