{"id":390,"date":"2023-03-24T14:17:21","date_gmt":"2023-03-24T17:17:21","guid":{"rendered":"https:\/\/homolog.saopaulo.sp.leg.br\/revisaopde\/?page_id=390"},"modified":"2023-06-26T09:42:37","modified_gmt":"2023-06-26T12:42:37","slug":"participacao-por-videoconferencia","status":"publish","type":"page","link":"https:\/\/homolog.saopaulo.sp.leg.br\/revisaopde\/participacao-por-videoconferencia\/","title":{"rendered":"Participa\u00e7\u00e3o por Videoconfer\u00eancia"},"content":{"rendered":"<h2 style=\"text-align: center\">Inscri\u00e7\u00f5es para participa\u00e7\u00e3o nas Audi\u00eancias P\u00fablicas Tem\u00e1ticas<br \/>\nvia videoconfer\u00eancia<\/h2>\n<div style=\"padding: 20px 40px\">\n<p>1 \u2013 Preencha o <strong>formul\u00e1rio de inscri\u00e7\u00e3o abaixo<\/strong>. Os dados pessoais dos inscritos s\u00e3o confidenciais e n\u00e3o ser\u00e3o disponibilizados a terceiros, constando de lista p\u00fablica apenas o nome completo de cada orador.<\/p>\n<p>2- As inscri\u00e7\u00f5es para fala ser\u00e3o registradas por <strong>ordem de recebimento<\/strong>, limitadas a uma inscri\u00e7\u00e3o por orador.<\/p>\n<p>3- Os inscritos receber\u00e3o mensagem da <strong>Secretaria da Comiss\u00e3o<\/strong> pelo contato disponibilizado no cadastro. A mensagem conter\u00e1 instru\u00e7\u00f5es gerais e um link intransfer\u00edvel para acesso \u00e0 videoconfer\u00eancia.<\/p>\n<p>4- No dia do evento, acesse o link recebido a partir de um dispositivo dotado de microfone, c\u00e2mera e conex\u00e3o \u00e0 internet. \u00c9 necess\u00e1rio instalar previamente o aplicativo <strong>Microsoft Teams<\/strong> (<a href=\"https:\/\/www.microsoft.com\/pt-br\/microsoft-teams\/download-app\" target=\"_blank\" rel=\"noopener\">clique aqui para baixar<\/a>).<\/p>\n<p>5- O evento ser\u00e1 transmitido ao vivo pelo portal da <strong>C\u00e2mara Municipal de S\u00e3o Paulo<\/strong> (<a href=\"https:\/\/homolog.saopaulo.sp.leg.br\/transparencia\/auditorios-online\/\" target=\"_blank\" rel=\"noopener\">na Se\u00e7\u00e3o C\u00e2mara Ao Vivo<\/a>) e pelo <a href=\"https:\/\/www.youtube.com\/user\/camarasaopaulo\" target=\"_blank\" rel=\"noopener\">canal de YouTube da C\u00e2mara<\/a>.<\/p>\n<p>6- Cada orador dispor\u00e1 de <strong>at\u00e9 3 minutos<\/strong> para se manifestar.<\/p>\n<p>7- Ser\u00e3o registradas para participa\u00e7\u00e3o <strong>as primeiras 20 inscri\u00e7\u00f5es recebidas<\/strong>. O orador ser\u00e1 informado de sua posi\u00e7\u00e3o na fila. Atingido o limite de inscritos, novas inscri\u00e7\u00f5es ser\u00e3o bloqueadas.<\/p>\n<p>8- No dia da <strong>Audi\u00eancia P\u00fablica<\/strong>, havendo tempo dispon\u00edvel e\/ou diante da aus\u00eancia, ou desist\u00eancia de oradores cadastrados, <strong>as inscri\u00e7\u00f5es poder\u00e3o ser reabertas pelo site durante o evento<\/strong>, para credenciamento imediato de novos interessados em participar que estejam acompanhando o evento ao vivo.<\/p>\n<p>9 \u2013 Manifesta\u00e7\u00f5es desrespeitosas ou que perturbem o regular andamento dos trabalhos <strong>implicar\u00e3o na remo\u00e7\u00e3o do orador do ambiente virtual<\/strong>.<\/p>\n<p>10 &#8211; A participa\u00e7\u00e3o por videoconfer\u00eancia se dar\u00e1 em todas as <strong>Audi\u00eancias P\u00fablicas Tem\u00e1ticas<\/strong>. Nas territoriais os vereadores e vereadoras v\u00e3o ao encontro da popula\u00e7\u00e3o nos bairros para ouvir as demandas da popula\u00e7\u00e3o de forma presencial.<\/p>\n<p>11 &#8211; Independente da intera\u00e7\u00e3o ao vivo por videoconfer\u00eancia, a participa\u00e7\u00e3o ampla \u00e9 assegurada atrav\u00e9s de participa\u00e7\u00e3o presencial (<a href=\"https:\/\/homolog.saopaulo.sp.leg.br\/revisaopde\/audiencias-publicas\/\" target=\"_blank\" rel=\"noopener\">confira o calend\u00e1rio de audi\u00eancias p\u00fablicas<\/a>) e por propostas por escrito.<br \/>\n&nbsp;<br \/>\n<strong>INSCRI\u00c7\u00d5ES ENCERRADAS<\/strong><\/p>\n<p>&nbsp;<\/p>\n<\/div>\n","protected":false},"excerpt":{"rendered":"<p>Inscri\u00e7\u00f5es para participa\u00e7\u00e3o nas Audi\u00eancias P\u00fablicas Tem\u00e1ticas via videoconfer\u00eancia 1 \u2013 Preencha o formul\u00e1rio de inscri\u00e7\u00e3o abaixo. Os dados pessoais dos inscritos s\u00e3o confidenciais e n\u00e3o ser\u00e3o disponibilizados a terceiros, constando de lista p\u00fablica apenas o nome completo de cada orador. 2- As inscri\u00e7\u00f5es para fala ser\u00e3o registradas por ordem de recebimento, limitadas a uma&#8230;  <a class=\"excerpt-read-more\" href=\"https:\/\/homolog.saopaulo.sp.leg.br\/revisaopde\/participacao-por-videoconferencia\/\" title=\"Read Participa\u00e7\u00e3o por Videoconfer\u00eancia\">Ler mais &raquo;<\/a><\/p>\n","protected":false},"author":733,"featured_media":0,"parent":0,"menu_order":0,"comment_status":"closed","ping_status":"closed","template":"","meta":{"_acf_changed":false,"footnotes":""},"class_list":["post-390","page","type-page","status-publish","hentry"],"acf":[],"_links":{"self":[{"href":"https:\/\/homolog.saopaulo.sp.leg.br\/revisaopde\/wp-json\/wp\/v2\/pages\/390","targetHints":{"allow":["GET"]}}],"collection":[{"href":"https:\/\/homolog.saopaulo.sp.leg.br\/revisaopde\/wp-json\/wp\/v2\/pages"}],"about":[{"href":"https:\/\/homolog.saopaulo.sp.leg.br\/revisaopde\/wp-json\/wp\/v2\/types\/page"}],"author":[{"embeddable":true,"href":"https:\/\/homolog.saopaulo.sp.leg.br\/revisaopde\/wp-json\/wp\/v2\/users\/733"}],"replies":[{"embeddable":true,"href":"https:\/\/homolog.saopaulo.sp.leg.br\/revisaopde\/wp-json\/wp\/v2\/comments?post=390"}],"version-history":[{"count":5,"href":"https:\/\/homolog.saopaulo.sp.leg.br\/revisaopde\/wp-json\/wp\/v2\/pages\/390\/revisions"}],"predecessor-version":[{"id":1076,"href":"https:\/\/homolog.saopaulo.sp.leg.br\/revisaopde\/wp-json\/wp\/v2\/pages\/390\/revisions\/1076"}],"wp:attachment":[{"href":"https:\/\/homolog.saopaulo.sp.leg.br\/revisaopde\/wp-json\/wp\/v2\/media?parent=390"}],"curies":[{"name":"wp","href":"https:\/\/api.w.org\/{rel}","templated":true}]}}