{"id":13,"date":"2016-04-27T16:54:40","date_gmt":"2016-04-27T19:54:40","guid":{"rendered":"http:\/\/homolog.saopaulo.sp.leg.br\/tamanduatei\/?page_id=13"},"modified":"2016-04-28T11:41:59","modified_gmt":"2016-04-28T14:41:59","slug":"sobre-a-operacao","status":"publish","type":"page","link":"https:\/\/homolog.saopaulo.sp.leg.br\/tamanduatei\/sobre-a-operacao\/","title":{"rendered":"Sobre a opera\u00e7\u00e3o"},"content":{"rendered":"<h2>Apresenta\u00e7\u00e3o<\/h2>\n<p><strong>A Opera\u00e7\u00e3o Urbana Tamanduate\u00ed est\u00e1 integrada ao conjunto de diretrizes e estrat\u00e9gias criadas para ordenar a cidade, pautando seu crescimento com valoriza\u00e7\u00e3o da qualidade de vida da popula\u00e7\u00e3o. O projeto visa revitalizar a infraestrutura, com benef\u00edcios sociais.<\/strong><\/p>\n<p>Considerada \u00e1rea com potencial de transforma\u00e7\u00e3o, a regi\u00e3o Arco Tamanduate\u00ed sempre foi um eixo de conex\u00e3o entre o interior do Estado, os munic\u00edpios do ABC Paulista e o Porto de Santos. Primeiro com a Estrada de Ferro Santos-Jundia\u00ed e, depois, com a abertura da via Anchieta.<\/p>\n<p>A Opera\u00e7\u00e3o Tamanduate\u00ed tem como objetivo o maior aproveitamento da terra urbana local, sobretudo nos terremos vagos de antigas ind\u00fastrias, o aumento das densidades populacionais e construtivas, a implanta\u00e7\u00e3o de novas atividades econ\u00f4micas e empregos e o atendimento \u00e0s necessidades de habita\u00e7\u00e3o. O projeto prev\u00ea ainda equipamentos sociais para a popula\u00e7\u00e3o, aproveitando a ampla rede de transporte existente.\t<\/p>\n","protected":false},"excerpt":{"rendered":"<p>Apresenta\u00e7\u00e3o A Opera\u00e7\u00e3o Urbana Tamanduate\u00ed est\u00e1 integrada ao conjunto de diretrizes e estrat\u00e9gias criadas para ordenar a cidade, pautando seu crescimento com valoriza\u00e7\u00e3o da qualidade de vida da popula\u00e7\u00e3o. O projeto visa revitalizar a infraestrutura, com benef\u00edcios sociais. Considerada \u00e1rea com potencial de transforma\u00e7\u00e3o, a regi\u00e3o Arco Tamanduate\u00ed sempre foi um eixo de conex\u00e3o entre&#8230;  <a class=\"excerpt-read-more\" href=\"https:\/\/homolog.saopaulo.sp.leg.br\/tamanduatei\/sobre-a-operacao\/\" title=\"Read Sobre a opera\u00e7\u00e3o\">Ler mais &raquo;<\/a><\/p>\n","protected":false},"author":1,"featured_media":0,"parent":0,"menu_order":0,"comment_status":"closed","ping_status":"closed","template":"page-sobre.php","meta":{"footnotes":""},"class_list":["post-13","page","type-page","status-publish","hentry"],"_links":{"self":[{"href":"https:\/\/homolog.saopaulo.sp.leg.br\/tamanduatei\/wp-json\/wp\/v2\/pages\/13","targetHints":{"allow":["GET"]}}],"collection":[{"href":"https:\/\/homolog.saopaulo.sp.leg.br\/tamanduatei\/wp-json\/wp\/v2\/pages"}],"about":[{"href":"https:\/\/homolog.saopaulo.sp.leg.br\/tamanduatei\/wp-json\/wp\/v2\/types\/page"}],"author":[{"embeddable":true,"href":"https:\/\/homolog.saopaulo.sp.leg.br\/tamanduatei\/wp-json\/wp\/v2\/users\/1"}],"replies":[{"embeddable":true,"href":"https:\/\/homolog.saopaulo.sp.leg.br\/tamanduatei\/wp-json\/wp\/v2\/comments?post=13"}],"version-history":[{"count":2,"href":"https:\/\/homolog.saopaulo.sp.leg.br\/tamanduatei\/wp-json\/wp\/v2\/pages\/13\/revisions"}],"predecessor-version":[{"id":36,"href":"https:\/\/homolog.saopaulo.sp.leg.br\/tamanduatei\/wp-json\/wp\/v2\/pages\/13\/revisions\/36"}],"wp:attachment":[{"href":"https:\/\/homolog.saopaulo.sp.leg.br\/tamanduatei\/wp-json\/wp\/v2\/media?parent=13"}],"curies":[{"name":"wp","href":"https:\/\/api.w.org\/{rel}","templated":true}]}}