{"id":14,"date":"2016-04-27T16:53:56","date_gmt":"2016-04-27T19:53:56","guid":{"rendered":"http:\/\/homolog.saopaulo.sp.leg.br\/tamanduatei\/?page_id=14"},"modified":"2016-04-28T11:43:46","modified_gmt":"2016-04-28T14:43:46","slug":"participe","status":"publish","type":"page","link":"https:\/\/homolog.saopaulo.sp.leg.br\/tamanduatei\/participe\/","title":{"rendered":"Participe"},"content":{"rendered":"<h2>Participe com suas propostas<\/h2>\n<p><strong>Voc\u00ea tamb\u00e9m poder\u00e1 contribuir com a melhoria da regi\u00e3o Arco do Tamanduate\u00ed, mande sua sugest\u00e3o!<\/strong><\/p>\n<p>Para promover sua participa\u00e7\u00e3o, tamb\u00e9m ser\u00e3o realizadas audi\u00eancias p\u00fablicas em torno do projeto, onde voc\u00ea poder\u00e1 opinar. E poder\u00e1 encaminhar sua proposta preenchendo o formul\u00e1rio abaixo. Participe!<\/p>\n","protected":false},"excerpt":{"rendered":"<p>Participe com suas propostas Voc\u00ea tamb\u00e9m poder\u00e1 contribuir com a melhoria da regi\u00e3o Arco do Tamanduate\u00ed, mande sua sugest\u00e3o! Para promover sua participa\u00e7\u00e3o, tamb\u00e9m ser\u00e3o realizadas audi\u00eancias p\u00fablicas em torno do projeto, onde voc\u00ea poder\u00e1 opinar. E poder\u00e1 encaminhar sua proposta preenchendo o formul\u00e1rio abaixo. Participe!<\/p>\n","protected":false},"author":1,"featured_media":0,"parent":0,"menu_order":0,"comment_status":"closed","ping_status":"closed","template":"page-participe.php","meta":{"footnotes":""},"class_list":["post-14","page","type-page","status-publish","hentry"],"_links":{"self":[{"href":"https:\/\/homolog.saopaulo.sp.leg.br\/tamanduatei\/wp-json\/wp\/v2\/pages\/14","targetHints":{"allow":["GET"]}}],"collection":[{"href":"https:\/\/homolog.saopaulo.sp.leg.br\/tamanduatei\/wp-json\/wp\/v2\/pages"}],"about":[{"href":"https:\/\/homolog.saopaulo.sp.leg.br\/tamanduatei\/wp-json\/wp\/v2\/types\/page"}],"author":[{"embeddable":true,"href":"https:\/\/homolog.saopaulo.sp.leg.br\/tamanduatei\/wp-json\/wp\/v2\/users\/1"}],"replies":[{"embeddable":true,"href":"https:\/\/homolog.saopaulo.sp.leg.br\/tamanduatei\/wp-json\/wp\/v2\/comments?post=14"}],"version-history":[{"count":5,"href":"https:\/\/homolog.saopaulo.sp.leg.br\/tamanduatei\/wp-json\/wp\/v2\/pages\/14\/revisions"}],"predecessor-version":[{"id":39,"href":"https:\/\/homolog.saopaulo.sp.leg.br\/tamanduatei\/wp-json\/wp\/v2\/pages\/14\/revisions\/39"}],"wp:attachment":[{"href":"https:\/\/homolog.saopaulo.sp.leg.br\/tamanduatei\/wp-json\/wp\/v2\/media?parent=14"}],"curies":[{"name":"wp","href":"https:\/\/api.w.org\/{rel}","templated":true}]}}