
{"id":12,"date":"2023-04-19T18:11:19","date_gmt":"2023-04-19T21:11:19","guid":{"rendered":"https:\/\/homolog.saopaulo.sp.leg.br\/zoneamento2023\/?page_id=12"},"modified":"2023-10-20T16:31:07","modified_gmt":"2023-10-20T19:31:07","slug":"home","status":"publish","type":"page","link":"https:\/\/homolog.saopaulo.sp.leg.br\/zoneamento2023\/","title":{"rendered":"Home"},"content":{"rendered":"<h2>Revis\u00e3o da Lei de Zoneamento<\/h2>\n<p>A atual Lei de Parcelamento, Uso e Ocupa\u00e7\u00e3o do Solo ou Lei de Zoneamento da cidade de S\u00e3o Paulo est\u00e1 passando por uma revis\u00e3o. A norma divide e determina regras para tipos de atividades, como as praticadas por ind\u00fastrias, com\u00e9rcios e casas de espet\u00e1culos, permite ou pro\u00edbe o que pode ser constru\u00eddo no munic\u00edpio, ou determina a altura de pr\u00e9dios, por exemplo. \u00c1reas verdes, sistema vi\u00e1rio, instala\u00e7\u00e3o de escolas, unidades de sa\u00fade, transporte. Tudo isso passa por esta Lei. Por isso, precisamos ouvir voc\u00ea. Participe da revis\u00e3o.<\/p>\n","protected":false},"excerpt":{"rendered":"<p>Revis\u00e3o da Lei de Zoneamento A atual Lei de Parcelamento, Uso e Ocupa\u00e7\u00e3o do Solo ou Lei de Zoneamento da cidade de S\u00e3o Paulo est\u00e1 passando por uma revis\u00e3o. A norma divide e determina regras para tipos de atividades, como as praticadas por ind\u00fastrias, com\u00e9rcios e casas de espet\u00e1culos, permite ou pro\u00edbe o que pode&#8230;  <a class=\"excerpt-read-more\" href=\"https:\/\/homolog.saopaulo.sp.leg.br\/zoneamento2023\/\" title=\"Read Home\">Ler mais &raquo;<\/a><\/p>\n","protected":false},"author":733,"featured_media":0,"parent":0,"menu_order":0,"comment_status":"closed","ping_status":"closed","template":"page-home.php","meta":{"_acf_changed":false,"footnotes":""},"class_list":["post-12","page","type-page","status-publish","hentry"],"acf":[],"_links":{"self":[{"href":"https:\/\/homolog.saopaulo.sp.leg.br\/zoneamento2023\/wp-json\/wp\/v2\/pages\/12","targetHints":{"allow":["GET"]}}],"collection":[{"href":"https:\/\/homolog.saopaulo.sp.leg.br\/zoneamento2023\/wp-json\/wp\/v2\/pages"}],"about":[{"href":"https:\/\/homolog.saopaulo.sp.leg.br\/zoneamento2023\/wp-json\/wp\/v2\/types\/page"}],"author":[{"embeddable":true,"href":"https:\/\/homolog.saopaulo.sp.leg.br\/zoneamento2023\/wp-json\/wp\/v2\/users\/733"}],"replies":[{"embeddable":true,"href":"https:\/\/homolog.saopaulo.sp.leg.br\/zoneamento2023\/wp-json\/wp\/v2\/comments?post=12"}],"version-history":[{"count":6,"href":"https:\/\/homolog.saopaulo.sp.leg.br\/zoneamento2023\/wp-json\/wp\/v2\/pages\/12\/revisions"}],"predecessor-version":[{"id":283,"href":"https:\/\/homolog.saopaulo.sp.leg.br\/zoneamento2023\/wp-json\/wp\/v2\/pages\/12\/revisions\/283"}],"wp:attachment":[{"href":"https:\/\/homolog.saopaulo.sp.leg.br\/zoneamento2023\/wp-json\/wp\/v2\/media?parent=12"}],"curies":[{"name":"wp","href":"https:\/\/api.w.org\/{rel}","templated":true}]}}